{"id":352,"date":"2025-01-13T09:21:39","date_gmt":"2025-01-13T09:21:39","guid":{"rendered":"https:\/\/almaconceptstore.com\/?post_type=product&#038;p=352"},"modified":"2025-06-29T13:12:33","modified_gmt":"2025-06-29T13:12:33","slug":"sturm","status":"publish","type":"product","link":"https:\/\/almaconceptstore.com\/?product=sturm","title":{"rendered":"Sturm"},"content":{"rendered":"<p>&#8222;Sturm&#8220; ist eine faszinierende Skulptur aus Stahl, die ein abstraktes Frauenportr\u00e4t darstellt. Die kunstvoll gestaltete Skulptur f\u00e4ngt die ungest\u00fcme Kraft und den wilden Ausdruck des Sturms ein und verleiht Ihrem Zuhause, B\u00fcro oder Garten einen Hauch von Dynamik und St\u00e4rke. Mit einer H\u00f6he von 40 cm und einer Breite von 28 cm ist diese Skulptur ein Blickfang, der garantiert Aufmerksamkeit erregen wird. Mit einer sehr hochwertigen Pulverbeschichtung in Schwarz ist es auch das perfekte Geschenk f\u00fcr Kunstliebhaber und alle, die nach einem einzigartigen Dekorationsst\u00fcck suchen, das Kraft und Sch\u00f6nheit vereint.<\/p>\n<ul>\n<li style=\"list-style-type: none;\">\n<ul>\n<li>Material: Stahl<\/li>\n<li>Ma\u00dfe: 40 cm Hoch x 28 cm Breit<\/li>\n<li>Oberfl\u00e4che: hochwertige Pulverbeschichtung<\/li>\n<li>Farbe: Classic Grey<\/li>\n<\/ul>\n<\/li>\n<\/ul>\n<p>Auf Anfrage per E-mail ist diese Skulptur auch in Ihrer Wunschgr\u00f6\u00dfe erh\u00e4ltlich.<\/p>\n","protected":false},"excerpt":{"rendered":"<p>&#8222;Sturm&#8220; ist eine faszinierende Skulptur aus Stahl, die ein abstraktes Frauenportr\u00e4t darstellt. Die kunstvoll gestaltete Skulptur f\u00e4ngt die ungest\u00fcme Kraft und den wilden Ausdruck des Sturms ein und verleiht Ihrem Zuhause, B\u00fcro oder Garten einen Hauch von Dynamik und St\u00e4rke. Mit einer H\u00f6he von 40 cm und einer Breite von 28 cm ist diese Skulptur [&hellip;]<\/p>\n","protected":false},"featured_media":425,"comment_status":"open","ping_status":"closed","template":"","meta":[],"product_brand":[],"product_cat":[40,46],"product_tag":[],"class_list":{"0":"post-352","1":"product","2":"type-product","3":"status-publish","4":"has-post-thumbnail","6":"product_cat-skulpturen","7":"product_cat-sturm","9":"first","10":"instock","11":"taxable","12":"shipping-taxable","13":"purchasable","14":"product-type-simple"},"_links":{"self":[{"href":"https:\/\/almaconceptstore.com\/index.php?rest_route=\/wp\/v2\/product\/352","targetHints":{"allow":["GET"]}}],"collection":[{"href":"https:\/\/almaconceptstore.com\/index.php?rest_route=\/wp\/v2\/product"}],"about":[{"href":"https:\/\/almaconceptstore.com\/index.php?rest_route=\/wp\/v2\/types\/product"}],"replies":[{"embeddable":true,"href":"https:\/\/almaconceptstore.com\/index.php?rest_route=%2Fwp%2Fv2%2Fcomments&post=352"}],"wp:featuredmedia":[{"embeddable":true,"href":"https:\/\/almaconceptstore.com\/index.php?rest_route=\/wp\/v2\/media\/425"}],"wp:attachment":[{"href":"https:\/\/almaconceptstore.com\/index.php?rest_route=%2Fwp%2Fv2%2Fmedia&parent=352"}],"wp:term":[{"taxonomy":"product_brand","embeddable":true,"href":"https:\/\/almaconceptstore.com\/index.php?rest_route=%2Fwp%2Fv2%2Fproduct_brand&post=352"},{"taxonomy":"product_cat","embeddable":true,"href":"https:\/\/almaconceptstore.com\/index.php?rest_route=%2Fwp%2Fv2%2Fproduct_cat&post=352"},{"taxonomy":"product_tag","embeddable":true,"href":"https:\/\/almaconceptstore.com\/index.php?rest_route=%2Fwp%2Fv2%2Fproduct_tag&post=352"}],"curies":[{"name":"wp","href":"https:\/\/api.w.org\/{rel}","templated":true}]}}