{"id":353,"date":"2025-01-13T09:21:40","date_gmt":"2025-01-13T09:21:40","guid":{"rendered":"https:\/\/almaconceptstore.com\/?post_type=product&#038;p=353"},"modified":"2025-06-29T13:12:33","modified_gmt":"2025-06-29T13:12:33","slug":"im-rosenbusch","status":"publish","type":"product","link":"https:\/\/almaconceptstore.com\/?product=im-rosenbusch","title":{"rendered":"Im Rosenbusch"},"content":{"rendered":"<p>&#8222;Im Rosenbusch&#8220; ist eine beeindruckende Skulptur aus robustem Stahl, die ein abstraktes Frauenportr\u00e4t darstellt. Die hochwertige Pulverbeschichtung verleiht der Skulptur eine glatte und matte Oberfl\u00e4che und bringt die zarten Details der Bl\u00fctenbl\u00e4tter und St\u00e4ngel zum Ausdruck. Die sorgf\u00e4ltige Formgebung der Skulptur verleiht der Kunst eine nat\u00fcrliche und harmonische \u00c4sthetik. Mit einer H\u00f6he von 40 cm und einer Breite von 40 cm ist diese Skulptur ein atemberaubendes Dekorationsst\u00fcck, das in jedem Raum, ob zuhause oder im B\u00fcro, auff\u00e4llt. Die Skulptur eignet sich auch perfekt f\u00fcr den Au\u00dfenbereich, wie beispielsweise in einem Garten oder einem Hof. &#8222;Im Rosenbusch&#8220; ist das perfekte Geschenk f\u00fcr alle, die die nat\u00fcrliche Sch\u00f6nheit der Blumen lieben und ihren Raum mit zarten und harmonischen Elementen schm\u00fccken m\u00f6chten.<\/p>\n<ul>\n<li style=\"list-style-type: none;\">\n<ul>\n<li>Material: Stahl<\/li>\n<li>Ma\u00dfe: 40 cm x 40 cm<\/li>\n<li>Oberfl\u00e4che: hochwertige Pulverbeschichtung<\/li>\n<li>Farbe: Classic Grey<\/li>\n<\/ul>\n<\/li>\n<\/ul>\n<p>Auf Anfrage per E-mail ist diese Skulptur auch in Ihrer Wunschgr\u00f6\u00dfe erh\u00e4ltlich.<\/p>\n<p>&nbsp;<\/p>\n","protected":false},"excerpt":{"rendered":"<p>&#8222;Im Rosenbusch&#8220; ist eine beeindruckende Skulptur aus robustem Stahl, die ein abstraktes Frauenportr\u00e4t darstellt. Die hochwertige Pulverbeschichtung verleiht der Skulptur eine glatte und matte Oberfl\u00e4che und bringt die zarten Details der Bl\u00fctenbl\u00e4tter und St\u00e4ngel zum Ausdruck. Die sorgf\u00e4ltige Formgebung der Skulptur verleiht der Kunst eine nat\u00fcrliche und harmonische \u00c4sthetik. Mit einer H\u00f6he von 40 cm [&hellip;]<\/p>\n","protected":false},"featured_media":426,"comment_status":"open","ping_status":"closed","template":"","meta":[],"product_brand":[],"product_cat":[47,40],"product_tag":[],"class_list":{"0":"post-353","1":"product","2":"type-product","3":"status-publish","4":"has-post-thumbnail","6":"product_cat-im-rosenbusch","7":"product_cat-skulpturen","9":"first","10":"instock","11":"taxable","12":"shipping-taxable","13":"purchasable","14":"product-type-simple"},"_links":{"self":[{"href":"https:\/\/almaconceptstore.com\/index.php?rest_route=\/wp\/v2\/product\/353","targetHints":{"allow":["GET"]}}],"collection":[{"href":"https:\/\/almaconceptstore.com\/index.php?rest_route=\/wp\/v2\/product"}],"about":[{"href":"https:\/\/almaconceptstore.com\/index.php?rest_route=\/wp\/v2\/types\/product"}],"replies":[{"embeddable":true,"href":"https:\/\/almaconceptstore.com\/index.php?rest_route=%2Fwp%2Fv2%2Fcomments&post=353"}],"wp:featuredmedia":[{"embeddable":true,"href":"https:\/\/almaconceptstore.com\/index.php?rest_route=\/wp\/v2\/media\/426"}],"wp:attachment":[{"href":"https:\/\/almaconceptstore.com\/index.php?rest_route=%2Fwp%2Fv2%2Fmedia&parent=353"}],"wp:term":[{"taxonomy":"product_brand","embeddable":true,"href":"https:\/\/almaconceptstore.com\/index.php?rest_route=%2Fwp%2Fv2%2Fproduct_brand&post=353"},{"taxonomy":"product_cat","embeddable":true,"href":"https:\/\/almaconceptstore.com\/index.php?rest_route=%2Fwp%2Fv2%2Fproduct_cat&post=353"},{"taxonomy":"product_tag","embeddable":true,"href":"https:\/\/almaconceptstore.com\/index.php?rest_route=%2Fwp%2Fv2%2Fproduct_tag&post=353"}],"curies":[{"name":"wp","href":"https:\/\/api.w.org\/{rel}","templated":true}]}}