{"id":397,"date":"2025-01-13T09:22:01","date_gmt":"2025-01-13T09:22:01","guid":{"rendered":"https:\/\/almaconceptstore.com\/?post_type=product&#038;p=397"},"modified":"2025-08-23T09:29:42","modified_gmt":"2025-08-23T09:29:42","slug":"magische-anziehung","status":"publish","type":"product","link":"https:\/\/almaconceptstore.com\/?product=magische-anziehung","title":{"rendered":"Magische Anziehung"},"content":{"rendered":"<p>&#8222;Magische Anziehung&#8220; ist ein Kunstwerk, das aus zwei Skulpturen aus Stahl besteht, die ein Mann- und ein Frauengesicht darstellen. Die Skulpturen sind so gestaltet, dass sie miteinander verwurzelt sind und eine starke Verbindung symbolisieren. Die hochwertige Pulverbeschichtung betont die feinen Details der Gesichter und verleiht ihnen eine glatte und matte Oberfl\u00e4che. Die Skulpturen sind ein faszinierendes Kunstwerk, das die magische Anziehung zwischen Mann und Frau darstellt. Die eindrucksvolle Pr\u00e4senz der Skulpturen und ihr einzigartiges Design machen &#8222;Magische Anziehung&#8220; zu einem idealen Geschenk f\u00fcr Paare, die ihre Liebe und Verbundenheit in ihrer Kunst und in ihrem Zuhause ausdr\u00fccken m\u00f6chten.<\/p>\n<ul>\n<li style=\"list-style-type: none;\">\n<ul>\n<li>Material: Stahl<\/li>\n<li>Ma\u00dfe: 40 cm Hoch x 68 cm Breit<\/li>\n<li>Oberfl\u00e4che: hochwertige Pulverbeschichtung<\/li>\n<li>Farbe: Classic Grey<\/li>\n<\/ul>\n<\/li>\n<\/ul>\n<p>Auf Anfrage per E-mail ist diese Skulptur auch in Ihrer Wunschgr\u00f6\u00dfe erh\u00e4ltlich.<\/p>\n","protected":false},"excerpt":{"rendered":"<p>&#8222;Magische Anziehung&#8220; ist ein Kunstwerk, das aus zwei Skulpturen aus Stahl besteht, die ein Mann- und ein Frauengesicht darstellen. Die Skulpturen sind so gestaltet, dass sie miteinander verwurzelt sind und eine starke Verbindung symbolisieren. Die hochwertige Pulverbeschichtung betont die feinen Details der Gesichter und verleiht ihnen eine glatte und matte Oberfl\u00e4che. Die Skulpturen sind ein [&hellip;]<\/p>\n","protected":false},"featured_media":447,"comment_status":"open","ping_status":"closed","template":"","meta":[],"product_brand":[],"product_cat":[54,40],"product_tag":[],"class_list":{"0":"post-397","1":"product","2":"type-product","3":"status-publish","4":"has-post-thumbnail","6":"product_cat-magische-anziehung","7":"product_cat-skulpturen","9":"first","10":"instock","11":"taxable","12":"shipping-taxable","13":"purchasable","14":"product-type-simple"},"_links":{"self":[{"href":"https:\/\/almaconceptstore.com\/index.php?rest_route=\/wp\/v2\/product\/397","targetHints":{"allow":["GET"]}}],"collection":[{"href":"https:\/\/almaconceptstore.com\/index.php?rest_route=\/wp\/v2\/product"}],"about":[{"href":"https:\/\/almaconceptstore.com\/index.php?rest_route=\/wp\/v2\/types\/product"}],"replies":[{"embeddable":true,"href":"https:\/\/almaconceptstore.com\/index.php?rest_route=%2Fwp%2Fv2%2Fcomments&post=397"}],"wp:featuredmedia":[{"embeddable":true,"href":"https:\/\/almaconceptstore.com\/index.php?rest_route=\/wp\/v2\/media\/447"}],"wp:attachment":[{"href":"https:\/\/almaconceptstore.com\/index.php?rest_route=%2Fwp%2Fv2%2Fmedia&parent=397"}],"wp:term":[{"taxonomy":"product_brand","embeddable":true,"href":"https:\/\/almaconceptstore.com\/index.php?rest_route=%2Fwp%2Fv2%2Fproduct_brand&post=397"},{"taxonomy":"product_cat","embeddable":true,"href":"https:\/\/almaconceptstore.com\/index.php?rest_route=%2Fwp%2Fv2%2Fproduct_cat&post=397"},{"taxonomy":"product_tag","embeddable":true,"href":"https:\/\/almaconceptstore.com\/index.php?rest_route=%2Fwp%2Fv2%2Fproduct_tag&post=397"}],"curies":[{"name":"wp","href":"https:\/\/api.w.org\/{rel}","templated":true}]}}