{"id":399,"date":"2025-01-13T09:22:01","date_gmt":"2025-01-13T09:22:01","guid":{"rendered":"https:\/\/almaconceptstore.com\/?post_type=product&#038;p=399"},"modified":"2025-06-29T13:12:33","modified_gmt":"2025-06-29T13:12:33","slug":"die-versuchung-der-mann","status":"publish","type":"product","link":"https:\/\/almaconceptstore.com\/?product=die-versuchung-der-mann","title":{"rendered":"Die Versuchung &#8211; Der Mann"},"content":{"rendered":"<p>Die Skulptur &#8222;Die Versuchung &#8211; Der Mann&#8220; aus Stahl zeigt ein markantes M\u00e4nnergesicht, das durch seine feine Pulverbeschichtung eine glatte und metallische Oberfl\u00e4che erh\u00e4lt. Die Skulptur dr\u00fcckt eine sinnliche und verf\u00fchrerische Ausstrahlung aus, die den Betrachter in ihren Bann zieht und zugleich in eine innere Zerrissenheit bringt. Der Name &#8222;Die Versuchung&#8220; betont die Verlockung, die von dieser Skulptur ausgeht, w\u00e4hrend das Hinzuf\u00fcgen von &#8222;Der Mann&#8220; das Geschlecht des dargestellten Charakters verdeutlicht.<\/p>\n<ul>\n<li style=\"list-style-type: none;\">\n<ul>\n<li>Material: Stahl<\/li>\n<li>Ma\u00dfe: 40 cm Hoch x 23 cm Breit<\/li>\n<li>Oberfl\u00e4che: hochwertige Pulverbeschichtung<\/li>\n<li>Farbe: Classic Grey<\/li>\n<\/ul>\n<\/li>\n<\/ul>\n<p>Auf Anfrage per E-mail ist diese Skulptur auch in Ihrer Wunschgr\u00f6\u00dfe erh\u00e4ltlich.<\/p>\n","protected":false},"excerpt":{"rendered":"<p>Die Skulptur &#8222;Die Versuchung &#8211; Der Mann&#8220; aus Stahl zeigt ein markantes M\u00e4nnergesicht, das durch seine feine Pulverbeschichtung eine glatte und metallische Oberfl\u00e4che erh\u00e4lt. Die Skulptur dr\u00fcckt eine sinnliche und verf\u00fchrerische Ausstrahlung aus, die den Betrachter in ihren Bann zieht und zugleich in eine innere Zerrissenheit bringt. Der Name &#8222;Die Versuchung&#8220; betont die Verlockung, die [&hellip;]<\/p>\n","protected":false},"featured_media":449,"comment_status":"open","ping_status":"closed","template":"","meta":[],"product_brand":[],"product_cat":[56,40],"product_tag":[],"class_list":{"0":"post-399","1":"product","2":"type-product","3":"status-publish","4":"has-post-thumbnail","6":"product_cat-die-versuchung-der-mann","7":"product_cat-skulpturen","9":"first","10":"instock","11":"taxable","12":"shipping-taxable","13":"purchasable","14":"product-type-simple"},"_links":{"self":[{"href":"https:\/\/almaconceptstore.com\/index.php?rest_route=\/wp\/v2\/product\/399","targetHints":{"allow":["GET"]}}],"collection":[{"href":"https:\/\/almaconceptstore.com\/index.php?rest_route=\/wp\/v2\/product"}],"about":[{"href":"https:\/\/almaconceptstore.com\/index.php?rest_route=\/wp\/v2\/types\/product"}],"replies":[{"embeddable":true,"href":"https:\/\/almaconceptstore.com\/index.php?rest_route=%2Fwp%2Fv2%2Fcomments&post=399"}],"wp:featuredmedia":[{"embeddable":true,"href":"https:\/\/almaconceptstore.com\/index.php?rest_route=\/wp\/v2\/media\/449"}],"wp:attachment":[{"href":"https:\/\/almaconceptstore.com\/index.php?rest_route=%2Fwp%2Fv2%2Fmedia&parent=399"}],"wp:term":[{"taxonomy":"product_brand","embeddable":true,"href":"https:\/\/almaconceptstore.com\/index.php?rest_route=%2Fwp%2Fv2%2Fproduct_brand&post=399"},{"taxonomy":"product_cat","embeddable":true,"href":"https:\/\/almaconceptstore.com\/index.php?rest_route=%2Fwp%2Fv2%2Fproduct_cat&post=399"},{"taxonomy":"product_tag","embeddable":true,"href":"https:\/\/almaconceptstore.com\/index.php?rest_route=%2Fwp%2Fv2%2Fproduct_tag&post=399"}],"curies":[{"name":"wp","href":"https:\/\/api.w.org\/{rel}","templated":true}]}}