{"id":401,"date":"2025-01-13T09:22:02","date_gmt":"2025-01-13T09:22:02","guid":{"rendered":"https:\/\/almaconceptstore.com\/?post_type=product&#038;p=401"},"modified":"2025-06-29T13:12:15","modified_gmt":"2025-06-29T13:12:15","slug":"lebensbaum","status":"publish","type":"product","link":"https:\/\/almaconceptstore.com\/?product=lebensbaum","title":{"rendered":"Lebensbaum"},"content":{"rendered":"<p>Das Kunstwerk &#8222;Lebensbaum&#8220; besteht aus zwei Skulpturen aus Stahl, die jeweils ein M\u00e4nner- und ein Frauengesicht darstellen und in einen Baum eingebaut sind. Die Skulpturen zeigen detailreiche Gesichtsz\u00fcge und eine hochwertige Pulverbeschichtung, die f\u00fcr Langlebigkeit und Sch\u00f6nheit sorgt. Die kunstvoll gestalteten Gesichter bilden zusammen eine harmonische Einheit und symbolisieren die untrennbare Verbundenheit von Mensch und Natur. Das Werk l\u00e4dt dazu ein, innezuhalten und sich der Sch\u00f6nheit der Natur und der menschlichen Beziehungen bewusst zu werden. &#8222;Lebensbaum&#8220; ist eine einzigartige und beeindruckende Skulptur, die sowohl drinnen als auch drau\u00dfen einen besonderen Platz einnehmen kann.<\/p>\n<ul>\n<li style=\"list-style-type: none;\">\n<ul>\n<li>Material: Stahl<\/li>\n<li>Ma\u00dfe: 40 cm Hoch x 32 cm Breit<\/li>\n<li>Oberfl\u00e4che: hochwertige Pulverbeschichtung<\/li>\n<li>Farbe: Classic Grey<\/li>\n<\/ul>\n<\/li>\n<\/ul>\n<p>Auf Anfrage per E-mail ist diese Skulptur auch in Ihrer Wunschgr\u00f6\u00dfe erh\u00e4ltlich.<\/p>\n","protected":false},"excerpt":{"rendered":"<p>Das Kunstwerk &#8222;Lebensbaum&#8220; besteht aus zwei Skulpturen aus Stahl, die jeweils ein M\u00e4nner- und ein Frauengesicht darstellen und in einen Baum eingebaut sind. Die Skulpturen zeigen detailreiche Gesichtsz\u00fcge und eine hochwertige Pulverbeschichtung, die f\u00fcr Langlebigkeit und Sch\u00f6nheit sorgt. Die kunstvoll gestalteten Gesichter bilden zusammen eine harmonische Einheit und symbolisieren die untrennbare Verbundenheit von Mensch und [&hellip;]<\/p>\n","protected":false},"featured_media":451,"comment_status":"open","ping_status":"closed","template":"","meta":[],"product_brand":[],"product_cat":[58,40],"product_tag":[],"class_list":{"0":"post-401","1":"product","2":"type-product","3":"status-publish","4":"has-post-thumbnail","6":"product_cat-lebensbaum","7":"product_cat-skulpturen","9":"first","10":"instock","11":"taxable","12":"shipping-taxable","13":"purchasable","14":"product-type-simple"},"_links":{"self":[{"href":"https:\/\/almaconceptstore.com\/index.php?rest_route=\/wp\/v2\/product\/401","targetHints":{"allow":["GET"]}}],"collection":[{"href":"https:\/\/almaconceptstore.com\/index.php?rest_route=\/wp\/v2\/product"}],"about":[{"href":"https:\/\/almaconceptstore.com\/index.php?rest_route=\/wp\/v2\/types\/product"}],"replies":[{"embeddable":true,"href":"https:\/\/almaconceptstore.com\/index.php?rest_route=%2Fwp%2Fv2%2Fcomments&post=401"}],"wp:featuredmedia":[{"embeddable":true,"href":"https:\/\/almaconceptstore.com\/index.php?rest_route=\/wp\/v2\/media\/451"}],"wp:attachment":[{"href":"https:\/\/almaconceptstore.com\/index.php?rest_route=%2Fwp%2Fv2%2Fmedia&parent=401"}],"wp:term":[{"taxonomy":"product_brand","embeddable":true,"href":"https:\/\/almaconceptstore.com\/index.php?rest_route=%2Fwp%2Fv2%2Fproduct_brand&post=401"},{"taxonomy":"product_cat","embeddable":true,"href":"https:\/\/almaconceptstore.com\/index.php?rest_route=%2Fwp%2Fv2%2Fproduct_cat&post=401"},{"taxonomy":"product_tag","embeddable":true,"href":"https:\/\/almaconceptstore.com\/index.php?rest_route=%2Fwp%2Fv2%2Fproduct_tag&post=401"}],"curies":[{"name":"wp","href":"https:\/\/api.w.org\/{rel}","templated":true}]}}